{"id":7,"date":"2021-05-10T22:43:36","date_gmt":"2021-05-10T22:43:36","guid":{"rendered":"http:\/\/177.234.147.202\/~agrebras44117\/site\/?page_id=7"},"modified":"2025-09-25T16:49:11","modified_gmt":"2025-09-25T19:49:11","slug":"inicio","status":"publish","type":"page","link":"https:\/\/www.agrebrastintas.com.br\/site\/","title":{"rendered":"In\u00edcio"},"content":{"rendered":"<p>[slider_pro id=&#8221;1&#8243;]<\/p>\n<div style=\"display: none;\">\n<p>pintura de pisos passo fundo, itapema, balne\u00e1rio cambori\u00fa tintas para piso passo fundo, itapema, balne\u00e1rio cambori\u00fa, agrebras em passo fundo, itapema, balne\u00e1rio cambori\u00fa,quadra esportiva, passo fundo, itapema, balne\u00e1rio cambori\u00fa rs, sc,quadra esportiva e estacionamento passo fundo, itapema, balne\u00e1rio cambori\u00fa<\/p>\n<h1>quadra esportiva em passo fundo, itapema, balne\u00e1rio cambori\u00fa,\u00a0agrebras passo fundo, itapema, balne\u00e1rio cambori\u00fa, tintas para piso passo fundo, itapema, balne\u00e1rio cambori\u00fa,<\/h1>\n<h2>quadra esportiva em passo fundo, itapema, balne\u00e1rio cambori\u00fa, pintura de pisos passo fundo, itapema, balne\u00e1rio cambori\u00fa e regi\u00e3o, tintas para piso passo fundo, itapema, balne\u00e1rio cambori\u00fa em passo fundo, itapema, balne\u00e1rio cambori\u00fa,quadra esportivaquadra esportiva agrebras estacionamento passo fundo, itapema, balne\u00e1rio cambori\u00fa, pintura de pisos em passo fundo, itapema, balne\u00e1rio cambori\u00fa rs, sc,quadra esportiva, para passo fundo, itapema, balne\u00e1rio cambori\u00fa e regi\u00e3o,quadra esportiva para passo fundo, itapema, balne\u00e1rio cambori\u00fa e regi\u00e3o\u00a0estacionamentoestacionamento passo fundo, itapema, balne\u00e1rio cambori\u00fa dequadra esportiva em passo fundo, itapema, balne\u00e1rio cambori\u00fa, pintura de pisos passo fundo, itapema, balne\u00e1rio cambori\u00fa e regi\u00e3o, tintas para piso passo fundo, itapema, balne\u00e1rio cambori\u00fa em passo fundo, itapema, balne\u00e1rio cambori\u00fa,quadra esportivaquadra esportiva agrebras estacionamento passo fundo, itapema, balne\u00e1rio cambori\u00fa, pintura de pisos em passo fundo, itapema, balne\u00e1rio cambori\u00fa rs, sc,quadra esportiva,<a title=\"estacionamentoestacionamento passo fundo, itapema, balne\u00e1rio cambori\u00fa dequadra esportiva em passo fundo, itapema, balne\u00e1rio cambori\u00fa, pintura de pisos passo fundo, itapema, balne\u00e1rio cambori\u00fa e regi\u00e3o, tintas para piso passo fundo, itapema, balne\u00e1rio cambori\u00fa em passo fundo, itapema, balne\u00e1rio cambori\u00fa,quadra esportivaquadra esportiva agrebras estacionamento passo fundo, itapema, balne\u00e1rio cambori\u00fa, pintura de pisos em passo fundo, itapema, balne\u00e1rio cambori\u00fa rs, sc,quadra esportiva, para passo fundo, itapema, balne\u00e1rio cambori\u00fa e regi\u00e3o,quadra esportiva para passo fundo, itapema, balne\u00e1rio cambori\u00fa e regi\u00e3o\" href=\"https:\/\/www.agrebrastintas.com.br\">para passo fundo, itapema, balne\u00e1rio cambori\u00fa e regi\u00e3o,quadra esportiva para passo fundo, itapema, balne\u00e1rio cambori\u00fa e regi\u00e3o\u00a0estacionamentoestacionamento passo fundo, itapema, balne\u00e1rio cambori\u00fa dequadra esportiva em passo fundo, itapema, balne\u00e1rio cambori\u00fa, pintura de pisos passo fundo, itapema, balne\u00e1rio cambori\u00fa e regi\u00e3o, tintas para piso passo fundo, itapema, balne\u00e1rio cambori\u00fa em passo fundo, itapema, balne\u00e1rio cambori\u00fa,quadra esportivaquadra esportiva agrebras estacionamento passo fundo, itapema, balne\u00e1rio cambori\u00fa, pintura de pisos em passo fundo, itapema, balne\u00e1rio cambori\u00fa rs, sc,quadra esportiva<\/a>, para passo fundo, itapema, balne\u00e1rio cambori\u00fa e regi\u00e3o,quadra esportiva para passo fundo, itapema, balne\u00e1rio cambori\u00fa e regi\u00e3o\u00a0estacionamentoestacionamento passo fundo, itapema, balne\u00e1rio cambori\u00fa dequadra esportiva em passo fundo, itapema, balne\u00e1rio cambori\u00fa, pintura de pisos passo fundo, itapema, balne\u00e1rio cambori\u00fa e regi\u00e3o, tintas para piso passo fundo, itapema, balne\u00e1rio cambori\u00fa em passo fundo, itapema, balne\u00e1rio cambori\u00fa,quadra esportivaquadra esportiva agrebras estacionamento passo fundo, itapema, balne\u00e1rio cambori\u00fa, pintura de pisos em passo fundo, itapema, balne\u00e1rio cambori\u00fa rs, sc,quadra esportiva, para passo fundo, itapema, balne\u00e1rio cambori\u00fa e regi\u00e3o,quadra esportiva para passo fundo, itapema, balne\u00e1rio cambori\u00fa e regi\u00e3o\u00a0estacionamentoestacionamento passo fundo, itapema, balne\u00e1rio cambori\u00fa dequadra esportiva em passo fundo, itapema, balne\u00e1rio cambori\u00fa, pintura de pisos passo fundo, itapema, balne\u00e1rio cambori\u00fa e regi\u00e3o, tintas para piso passo fundo, itapema, balne\u00e1rio cambori\u00fa em passo fundo, itapema, balne\u00e1rio cambori\u00fa,quadra esportivaquadra esportiva agrebras estacionamento passo fundo, itapema, balne\u00e1rio cambori\u00fa, pintura de pisos em passo fundo, itapema, balne\u00e1rio cambori\u00fa rs, sc,quadra esportiva, para passo fundo, itapema, balne\u00e1rio cambori\u00fa e regi\u00e3o,<a title=\"estacionamentoestacionamento passo fundo, itapema, balne\u00e1rio cambori\u00fa dequadra esportiva em passo fundo, itapema, balne\u00e1rio cambori\u00fa, pintura de pisos passo fundo, itapema, balne\u00e1rio cambori\u00fa e regi\u00e3o, tintas para piso passo fundo, itapema, balne\u00e1rio cambori\u00fa em passo fundo, itapema, balne\u00e1rio cambori\u00fa,quadra esportivaquadra esportiva agrebras estacionamento passo fundo, itapema, balne\u00e1rio cambori\u00fa, pintura de pisos em passo fundo, itapema, balne\u00e1rio cambori\u00fa rs, sc,quadra esportiva, para passo fundo, itapema, balne\u00e1rio cambori\u00fa e regi\u00e3o,quadra esportiva para passo fundo, itapema, balne\u00e1rio cambori\u00fa e regi\u00e3o\" href=\"https:\/\/www.agrebrastintas.com.br\/site\">quadra esportiva para passo fundo, itapema, balne\u00e1rio cambori\u00fa e regi\u00e3o\u00a0estacionamentoestacionamento passo fundo, itapema, balne\u00e1rio cambori\u00fa dequadra esportiva em passo fundo, itapema, balne\u00e1rio cambori\u00fa, pintura de pisos passo fundo, itapema, balne\u00e1rio cambori\u00fa e regi\u00e3o, cria\u00e7\u00e3o de sit<\/a>es em passo fundo, itapema, balne\u00e1rio cambori\u00fa,quadra esportivaquadra esportiva agrebras estacionamento passo fundo, itapema, balne\u00e1rio cambori\u00fa, pintura de pisos em passo fundo, itapema, balne\u00e1rio cambori\u00fa rs, sc,quadra esportiva, para passo fundo, itapema, balne\u00e1rio cambori\u00fa e regi\u00e3o,quadra esportiva para passo fundo, itapema, balne\u00e1rio cambori\u00fa e regi\u00e3o<\/h2>\n<div id=\"attachment_747\" style=\"width: 353px\" class=\"wp-caption aligncenter\"><a href=\"https:\/\/www.agrebrastintas.com.br\/site\/wp-content\/uploads\/2013\/06\/per\u00edcia-m\u00e9dica-passo-fundo-rs, sc.jpg\"><img decoding=\"async\" aria-describedby=\"caption-attachment-747\" class=\"size-full wp-image-747 \" title=\"estacionamentoestacionamento passo fundo, itapema, balne\u00e1rio cambori\u00fa dequadra esportiva em passo fundo, itapema, balne\u00e1rio cambori\u00fa\" src=\"https:\/\/www.agrebrastintas.com.br\/site\/wp-content\/uploads\/2013\/06\/per\u00edcia-m\u00e9dica-passo-fundo-rs, sc.jpg\" alt=\"estacionamentoestacionamento passo fundo, itapema, balne\u00e1rio cambori\u00fa dequadra esportiva em passo fundo, itapema, balne\u00e1rio cambori\u00fa\" width=\"343\" height=\"300\"  loading=\"lazy\" \/><\/a><p id=\"caption-attachment-747\" class=\"wp-caption-text\">estacionamentoestacionamento passo fundo, itapema, balne\u00e1rio cambori\u00fa dequadra esportiva em passo fundo, itapema, balne\u00e1rio cambori\u00fa<\/p><\/div>\n<\/div>\n","protected":false},"excerpt":{"rendered":"<p>[slider_pro id=&#8221;1&#8243;] pintura de pisos passo fundo, itapema, balne\u00e1rio cambori\u00fa tintas para piso passo fundo, [&hellip;]<\/p>\n","protected":false},"author":1,"featured_media":0,"parent":0,"menu_order":0,"comment_status":"closed","ping_status":"closed","template":"template-inicio.php","meta":{"footnotes":""},"class_list":["post-7","page","type-page","status-publish","hentry"],"_links":{"self":[{"href":"https:\/\/www.agrebrastintas.com.br\/site\/wp-json\/wp\/v2\/pages\/7"}],"collection":[{"href":"https:\/\/www.agrebrastintas.com.br\/site\/wp-json\/wp\/v2\/pages"}],"about":[{"href":"https:\/\/www.agrebrastintas.com.br\/site\/wp-json\/wp\/v2\/types\/page"}],"author":[{"embeddable":true,"href":"https:\/\/www.agrebrastintas.com.br\/site\/wp-json\/wp\/v2\/users\/1"}],"replies":[{"embeddable":true,"href":"https:\/\/www.agrebrastintas.com.br\/site\/wp-json\/wp\/v2\/comments?post=7"}],"version-history":[{"count":12,"href":"https:\/\/www.agrebrastintas.com.br\/site\/wp-json\/wp\/v2\/pages\/7\/revisions"}],"predecessor-version":[{"id":314,"href":"https:\/\/www.agrebrastintas.com.br\/site\/wp-json\/wp\/v2\/pages\/7\/revisions\/314"}],"wp:attachment":[{"href":"https:\/\/www.agrebrastintas.com.br\/site\/wp-json\/wp\/v2\/media?parent=7"}],"curies":[{"name":"wp","href":"https:\/\/api.w.org\/{rel}","templated":true}]}}